{"id":61,"date":"2025-07-10T16:37:54","date_gmt":"2025-07-10T16:37:54","guid":{"rendered":"https:\/\/giulianodigitalconsulting.com\/?page_id=61"},"modified":"2026-02-08T15:51:07","modified_gmt":"2026-02-08T15:51:07","slug":"giuliano-digital-consulting","status":"publish","type":"page","link":"https:\/\/giulianodigitalconsulting.com\/","title":{"rendered":"Home Giuliano Digital &amp; Consulting"},"content":{"rendered":"\t\t<div data-elementor-type=\"wp-page\" data-elementor-id=\"61\" class=\"elementor elementor-61\">\n\t\t\t\t<div class=\"elementor-element elementor-element-5067479 e-con-full e-flex e-con e-parent\" data-id=\"5067479\" data-element_type=\"container\">\n\t\t<div class=\"elementor-element elementor-element-937d92e e-con-full e-flex e-con e-child\" data-id=\"937d92e\" data-element_type=\"container\">\n\t\t\t\t<div class=\"elementor-element elementor-element-729e4d5 elementor-widget elementor-widget-image\" data-id=\"729e4d5\" data-element_type=\"widget\" data-widget_type=\"image.default\">\n\t\t\t\t\t\t\t\t\t\t\t\t\t\t\t<img fetchpriority=\"high\" decoding=\"async\" width=\"1024\" height=\"1024\" src=\"https:\/\/giulianodigitalconsulting.com\/wp-content\/uploads\/2025\/07\/ChatGPT-Image-11-lug-2025-22_41_35.png\" class=\"attachment-large size-large wp-image-166\" alt=\"\ud83c\uddee\ud83c\uddf9 Italiano Logo personale di Gianluca Giuliano, consulente freelance specializzato in strategia digitale e sviluppo aziendale. \ud83c\uddec\ud83c\udde7 English Personal logo of Gianluca Giuliano, freelance consultant in digital strategy and business development. \ud83c\udde9\ud83c\uddea Deutsch Pers\u00f6nliches Logo von Gianluca Giuliano, freiberuflicher Berater f\u00fcr digitale Strategien und Unternehmensentwicklung. \ud83c\uddeb\ud83c\uddf7 Fran\u00e7ais Logo personnel de Gianluca Giuliano, consultant ind\u00e9pendant en strat\u00e9gie digitale et d\u00e9veloppement d\u2019entreprise. \ud83c\udde8\ud83c\uddff \u010ce\u0161tina Osobn\u00ed logo Gianluky Giuliana, nez\u00e1visl\u00e9ho konzultanta pro digit\u00e1ln\u00ed strategii a rozvoj podnik\u00e1n\u00ed. \ud83c\udde7\ud83c\uddec \u0411\u044a\u043b\u0433\u0430\u0440\u0441\u043a\u0438 \u041b\u0438\u0447\u043d\u043e \u043b\u043e\u0433\u043e \u043d\u0430 \u0414\u0436\u0430\u043d\u043b\u0443\u043a\u0430 \u0414\u0436\u0443\u043b\u0438\u0430\u043d\u043e, \u043d\u0435\u0437\u0430\u0432\u0438\u0441\u0438\u043c \u043a\u043e\u043d\u0441\u0443\u043b\u0442\u0430\u043d\u0442 \u043f\u043e \u0434\u0438\u0433\u0438\u0442\u0430\u043b\u043d\u0430 \u0441\u0442\u0440\u0430\u0442\u0435\u0433\u0438\u044f \u0438 \u0431\u0438\u0437\u043d\u0435\u0441 \u0440\u0430\u0437\u0432\u0438\u0442\u0438\u0435. \ud83c\uddf5\ud83c\uddf1 Polski Osobiste logo Gianluki Giuliano, niezale\u017cnego konsultanta ds. strategii cyfrowej i rozwoju biznesu. \ud83c\udde7\ud83c\uddea Nederlands (Fiammingo \/ BE) Persoonlijk logo van Gianluca Giuliano, freelance adviseur in digitale strategie en bedrijfsontwikkeling. \ud83c\uddf9\ud83c\uddf7 T\u00fcrk\u00e7e Gianluca Giuliano\u2019nun ki\u015fisel logosu \u2013 dijital strateji ve i\u015f geli\u015ftirme alan\u0131nda serbest dan\u0131\u015fman. \ud83c\uddec\ud83c\uddf7 \u0395\u03bb\u03bb\u03b7\u03bd\u03b9\u03ba\u03ac \u03a0\u03c1\u03bf\u03c3\u03c9\u03c0\u03b9\u03ba\u03cc \u03bb\u03bf\u03b3\u03cc\u03c4\u03c5\u03c0\u03bf \u03c4\u03bf\u03c5 Gianluca Giuliano, \u03b1\u03bd\u03b5\u03be\u03ac\u03c1\u03c4\u03b7\u03c4\u03bf\u03c2 \u03c3\u03cd\u03bc\u03b2\u03bf\u03c5\u03bb\u03bf\u03c2 \u03c8\u03b7\u03c6\u03b9\u03b1\u03ba\u03ae\u03c2 \u03c3\u03c4\u03c1\u03b1\u03c4\u03b7\u03b3\u03b9\u03ba\u03ae\u03c2 \u03ba\u03b1\u03b9 \u03b5\u03c0\u03b9\u03c7\u03b5\u03b9\u03c1\u03b7\u03bc\u03b1\u03c4\u03b9\u03ba\u03ae\u03c2 \u03b1\u03bd\u03ac\u03c0\u03c4\u03c5\u03be\u03b7\u03c2. \ud83c\uddf5\ud83c\uddf9 Portugu\u00eas Logotipo pessoal de Gianluca Giuliano, consultor freelance em estrat\u00e9gia digital e desenvolvimento empresarial. \ud83c\uddea\ud83c\uddf8 Espa\u00f1ol Logo personal de Gianluca Giuliano, consultor freelance en estrategia digital y desarrollo empresarial.\" srcset=\"https:\/\/giulianodigitalconsulting.com\/wp-content\/uploads\/2025\/07\/ChatGPT-Image-11-lug-2025-22_41_35.png 1024w, https:\/\/giulianodigitalconsulting.com\/wp-content\/uploads\/2025\/07\/elementor\/thumbs\/ChatGPT-Image-11-lug-2025-22_41_35-r8m9xjjlh4dc7u3yf9j03ib5voet2ea1qmn5zmbquw.png 300w, https:\/\/giulianodigitalconsulting.com\/wp-content\/uploads\/2025\/07\/ChatGPT-Image-11-lug-2025-22_41_35-150x150.png 150w, https:\/\/giulianodigitalconsulting.com\/wp-content\/uploads\/2025\/07\/ChatGPT-Image-11-lug-2025-22_41_35-768x768.png 768w\" sizes=\"(max-width: 1024px) 100vw, 1024px\" \/>\t\t\t\t\t\t\t\t\t\t\t\t\t\t\t<\/div>\n\t\t<div class=\"elementor-element elementor-element-7277a6b e-grid e-con-full e-con e-child\" data-id=\"7277a6b\" data-element_type=\"container\">\n\t\t\t\t<div class=\"elementor-element elementor-element-f32b6d4 elementor-widget elementor-widget-shortcode\" data-id=\"f32b6d4\" data-element_type=\"widget\" data-widget_type=\"shortcode.default\">\n\t\t\t\t\t\t\t<div class=\"elementor-shortcode\"><div class=\"trp_language_switcher_shortcode\">\n<div class=\"trp-language-switcher trp-language-switcher-container\" data-no-translation >\n    <div class=\"trp-ls-shortcode-current-language\">\n        <a href=\"#\" class=\"trp-ls-shortcode-disabled-language trp-ls-disabled-language\" title=\"English\" onclick=\"event.preventDefault()\">\n\t\t\t<img decoding=\"async\" class=\"trp-flag-image\" src=\"https:\/\/giulianodigitalconsulting.com\/wp-content\/plugins\/translatepress-multilingual\/assets\/images\/flags\/en_GB.png\" width=\"18\" height=\"12\" alt=\"en_GB\" title=\"English\"> English\t\t<\/a>\n    <\/div>\n    <div class=\"trp-ls-shortcode-language\">\n                <a href=\"#\" class=\"trp-ls-shortcode-disabled-language trp-ls-disabled-language\"  title=\"English\" onclick=\"event.preventDefault()\">\n\t\t\t<img decoding=\"async\" class=\"trp-flag-image\" src=\"https:\/\/giulianodigitalconsulting.com\/wp-content\/plugins\/translatepress-multilingual\/assets\/images\/flags\/en_GB.png\" width=\"18\" height=\"12\" alt=\"en_GB\" title=\"English\"> English\t\t<\/a>\n                    <a href=\"https:\/\/giulianodigitalconsulting.com\/index.php?rest_route=%2Fwp%2Fv2%2Fpages%2F61\" title=\"German\">\n            <img decoding=\"async\" class=\"trp-flag-image\" src=\"https:\/\/giulianodigitalconsulting.com\/wp-content\/plugins\/translatepress-multilingual\/assets\/images\/flags\/de_CH.png\" width=\"18\" height=\"12\" alt=\"de_CH\" title=\"German\"> German        <\/a>\n\n        <\/div>\n    <script type=\"application\/javascript\">\n        \/\/ need to have the same with set from JS on both divs. Otherwise it can push stuff around in HTML\n        var trp_ls_shortcodes = document.querySelectorAll('.trp_language_switcher_shortcode .trp-language-switcher');\n        if ( trp_ls_shortcodes.length > 0) {\n            \/\/ get the last language switcher added\n            var trp_el = trp_ls_shortcodes[trp_ls_shortcodes.length - 1];\n\n            var trp_shortcode_language_item = trp_el.querySelector( '.trp-ls-shortcode-language' )\n            \/\/ set width\n            var trp_ls_shortcode_width                                               = trp_shortcode_language_item.offsetWidth + 16;\n            trp_shortcode_language_item.style.width                                  = trp_ls_shortcode_width + 'px';\n            trp_el.querySelector( '.trp-ls-shortcode-current-language' ).style.width = trp_ls_shortcode_width + 'px';\n\n            \/\/ We're putting this on display: none after we have its width.\n            trp_shortcode_language_item.style.display = 'none';\n        }\n    <\/script>\n<\/div>\n<\/div>\n<\/div>\n\t\t\t\t\t\t<\/div>\n\t\t\t\t<div class=\"elementor-element elementor-element-1b13896 elementor-widget elementor-widget-shortcode\" data-id=\"1b13896\" data-element_type=\"widget\" data-widget_type=\"shortcode.default\">\n\t\t\t\t\t\t\t<div class=\"elementor-shortcode\"><div class=\"post-views content-post post-61 entry-meta load-static\">\r\n\t\t\t\t<span class=\"post-views-icon dashicons dashicons-chart-bar\"><\/span> <span class=\"post-views-label\">Post Views:<\/span> <span class=\"post-views-count\">7,720<\/span>\r\n\t\t\t<\/div><\/div>\n\t\t\t\t\t\t<\/div>\n\t\t\t\t<\/div>\n\t\t\t\t<\/div>\n\t\t<div class=\"elementor-element elementor-element-ce55c68 e-grid e-con-full e-con e-child\" data-id=\"ce55c68\" data-element_type=\"container\" data-settings=\"{&quot;background_background&quot;:&quot;slideshow&quot;,&quot;background_slideshow_gallery&quot;:[],&quot;background_slideshow_loop&quot;:&quot;yes&quot;,&quot;background_slideshow_slide_duration&quot;:5000,&quot;background_slideshow_slide_transition&quot;:&quot;fade&quot;,&quot;background_slideshow_transition_duration&quot;:500}\">\n\t\t\t\t<div class=\"elementor-element elementor-element-66ad0ec elementor-widget elementor-widget-heading\" data-id=\"66ad0ec\" data-element_type=\"widget\" data-widget_type=\"heading.default\">\n\t\t\t\t\t<h2 class=\"elementor-heading-title elementor-size-default\">Work in Progress<\/h2>\t\t\t\t<\/div>\n\t\t\t\t<\/div>\n\t\t\t\t<\/div>\n\t\t<div class=\"elementor-element elementor-element-76ad59f e-con-full e-flex e-con e-parent\" data-id=\"76ad59f\" data-element_type=\"container\">\n\t\t<div class=\"elementor-element elementor-element-93a81f9 e-grid e-con-full e-con e-child\" data-id=\"93a81f9\" data-element_type=\"container\">\n\t\t<div class=\"elementor-element elementor-element-ec5ca9c e-grid e-con-full e-con e-child\" data-id=\"ec5ca9c\" data-element_type=\"container\">\n\t\t\t\t<div class=\"elementor-element elementor-element-52f56c7 elementor-widget elementor-widget-image\" data-id=\"52f56c7\" data-element_type=\"widget\" data-widget_type=\"image.default\">\n\t\t\t\t\t\t\t\t\t\t\t\t\t\t\t<img loading=\"lazy\" decoding=\"async\" width=\"531\" height=\"583\" src=\"https:\/\/giulianodigitalconsulting.com\/wp-content\/uploads\/2025\/07\/ENIC_1.png\" class=\"attachment-large size-large wp-image-264\" alt=\"\" srcset=\"https:\/\/giulianodigitalconsulting.com\/wp-content\/uploads\/2025\/07\/ENIC_1.png 531w, https:\/\/giulianodigitalconsulting.com\/wp-content\/uploads\/2025\/07\/ENIC_1-273x300.png 273w, https:\/\/giulianodigitalconsulting.com\/wp-content\/uploads\/2025\/07\/ENIC_1-11x12.png 11w\" sizes=\"(max-width: 531px) 100vw, 531px\" \/>\t\t\t\t\t\t\t\t\t\t\t\t\t\t\t<\/div>\n\t\t\t\t<div class=\"elementor-element elementor-element-260a818 elementor-widget elementor-widget-image\" data-id=\"260a818\" data-element_type=\"widget\" data-widget_type=\"image.default\">\n\t\t\t\t\t\t\t\t\t\t\t\t\t\t\t<img loading=\"lazy\" decoding=\"async\" width=\"518\" height=\"539\" src=\"https:\/\/giulianodigitalconsulting.com\/wp-content\/uploads\/2025\/07\/Laurea_1.png\" class=\"attachment-large size-large wp-image-273\" alt=\"\" srcset=\"https:\/\/giulianodigitalconsulting.com\/wp-content\/uploads\/2025\/07\/Laurea_1.png 518w, https:\/\/giulianodigitalconsulting.com\/wp-content\/uploads\/2025\/07\/Laurea_1-288x300.png 288w, https:\/\/giulianodigitalconsulting.com\/wp-content\/uploads\/2025\/07\/Laurea_1-12x12.png 12w\" sizes=\"(max-width: 518px) 100vw, 518px\" \/>\t\t\t\t\t\t\t\t\t\t\t\t\t\t\t<\/div>\n\t\t\t\t<\/div>\n\t\t<div class=\"elementor-element elementor-element-71bf678 e-grid e-con-full e-con e-child\" data-id=\"71bf678\" data-element_type=\"container\">\n\t\t\t\t<div class=\"elementor-element elementor-element-6317024 elementor-widget elementor-widget-image\" data-id=\"6317024\" data-element_type=\"widget\" data-widget_type=\"image.default\">\n\t\t\t\t\t\t\t\t\t\t\t\t\t\t\t<img loading=\"lazy\" decoding=\"async\" width=\"540\" height=\"587\" src=\"https:\/\/giulianodigitalconsulting.com\/wp-content\/uploads\/2025\/07\/ENIC_2.png\" class=\"attachment-large size-large wp-image-265\" alt=\"\" srcset=\"https:\/\/giulianodigitalconsulting.com\/wp-content\/uploads\/2025\/07\/ENIC_2.png 540w, https:\/\/giulianodigitalconsulting.com\/wp-content\/uploads\/2025\/07\/ENIC_2-276x300.png 276w, https:\/\/giulianodigitalconsulting.com\/wp-content\/uploads\/2025\/07\/ENIC_2-11x12.png 11w\" sizes=\"(max-width: 540px) 100vw, 540px\" \/>\t\t\t\t\t\t\t\t\t\t\t\t\t\t\t<\/div>\n\t\t\t\t<div class=\"elementor-element elementor-element-5c1cfc3 elementor-widget elementor-widget-image\" data-id=\"5c1cfc3\" data-element_type=\"widget\" data-widget_type=\"image.default\">\n\t\t\t\t\t\t\t\t\t\t\t\t\t\t\t<img loading=\"lazy\" decoding=\"async\" width=\"520\" height=\"528\" src=\"https:\/\/giulianodigitalconsulting.com\/wp-content\/uploads\/2025\/07\/Laurea_2.png\" class=\"attachment-large size-large wp-image-274\" alt=\"\" srcset=\"https:\/\/giulianodigitalconsulting.com\/wp-content\/uploads\/2025\/07\/Laurea_2.png 520w, https:\/\/giulianodigitalconsulting.com\/wp-content\/uploads\/2025\/07\/Laurea_2-295x300.png 295w, https:\/\/giulianodigitalconsulting.com\/wp-content\/uploads\/2025\/07\/Laurea_2-12x12.png 12w\" sizes=\"(max-width: 520px) 100vw, 520px\" \/>\t\t\t\t\t\t\t\t\t\t\t\t\t\t\t<\/div>\n\t\t\t\t<\/div>\n\t\t<div class=\"elementor-element elementor-element-0847395 e-con-full e-flex e-con e-child\" data-id=\"0847395\" data-element_type=\"container\">\n\t\t\t\t<div class=\"elementor-element elementor-element-44e0030 elementor-widget elementor-widget-text-editor\" data-id=\"44e0030\" data-element_type=\"widget\" data-widget_type=\"text-editor.default\">\n\t\t\t\t\t\t\t\t\t<h5 data-start=\"977\" data-end=\"1320\"><strong><span style=\"text-decoration: underline;\">\ud83d\udccc Who I Am and Why I Chose This Path<\/span><\/strong><\/h5><p data-start=\"977\" data-end=\"1320\">My name is <strong data-start=\"1032\" data-end=\"1044\">Gianluca<\/strong>, I\u2019m 50 years old, and my career has been shaped by dedication, entrepreneurial work, and currently also as an employee.<br data-start=\"1165\" data-end=\"1168\" \/>However, my true passion has always been <strong data-start=\"1209\" data-end=\"1223\">technology<\/strong>\u2014because that&#8217;s where the line is drawn between companies that evolve and those that fall behind.<\/p><p data-start=\"1322\" data-end=\"1761\">In today\u2019s world, technology makes it possible to <strong data-start=\"1372\" data-end=\"1388\">analyze data<\/strong>, <strong data-start=\"1390\" data-end=\"1412\">communicate better<\/strong>, <strong data-start=\"1414\" data-end=\"1426\">automate<\/strong>, and most importantly, <strong data-start=\"1450\" data-end=\"1464\">act faster<\/strong> than those who still work the \u201cold-fashioned\u201d way.<br data-start=\"1515\" data-end=\"1518\" \/>Despite having a full-time job in a factory, I decided to chase a dream: <strong data-start=\"1591\" data-end=\"1635\">earning a degree in Computer Engineering<\/strong>.<br data-start=\"1636\" data-end=\"1639\" \/>It was a tough journey, full of sleepless nights and very little rest.<br data-start=\"1709\" data-end=\"1712\" \/>But I made it\u2014<strong data-start=\"1726\" data-end=\"1761\">three months ahead of schedule!<\/strong><\/p>\t\t\t\t\t\t\t\t<\/div>\n\t\t\t\t<\/div>\n\t\t\t\t<\/div>\n\t\t\t\t<\/div>\n\t\t<div class=\"elementor-element elementor-element-0d470b2 e-con-full e-flex e-con e-parent\" data-id=\"0d470b2\" data-element_type=\"container\" data-settings=\"{&quot;background_background&quot;:&quot;classic&quot;}\">\n\t\t<div class=\"elementor-element elementor-element-ceac2fa e-flex e-con-boxed e-con e-child\" data-id=\"ceac2fa\" data-element_type=\"container\">\n\t\t\t\t\t<div class=\"e-con-inner\">\n\t\t<div class=\"elementor-element elementor-element-33d682c e-grid e-con-full e-con e-child\" data-id=\"33d682c\" data-element_type=\"container\">\n\t\t\t\t<div class=\"elementor-element elementor-element-9277b4d elementor-widget elementor-widget-text-editor\" data-id=\"9277b4d\" data-element_type=\"widget\" data-widget_type=\"text-editor.default\">\n\t\t\t\t\t\t\t\t\t<p>\ud83c\udf10 My office is digital.<br data-start=\"137\" data-end=\"140\" \/>I work everywhere, based in Switzerland.<br data-start=\"210\" data-end=\"213\" \/>\ud83c\udde8\ud83c\udded Pro services available only for Swiss companies.<\/p>\t\t\t\t\t\t\t\t<\/div>\n\t\t\t\t<div class=\"elementor-element elementor-element-57dfa2d elementor-widget elementor-widget-text-editor\" data-id=\"57dfa2d\" data-element_type=\"widget\" data-widget_type=\"text-editor.default\">\n\t\t\t\t\t\t\t\t\t<p><strong data-start=\"108\" data-end=\"121\">Contacts:<\/strong><br data-start=\"121\" data-end=\"124\" \/>\ud83d\udce9 Email: info@giulianodigitalconsulting.com<br data-start=\"168\" data-end=\"171\" \/>\ud83d\udd52 Available from Monday to Friday<br data-start=\"205\" data-end=\"208\" \/>\ud83d\udcac I reply within 24 hours<\/p>\t\t\t\t\t\t\t\t<\/div>\n\t\t\t\t<div class=\"elementor-element elementor-element-17d2f40 elementor-widget elementor-widget-text-editor\" data-id=\"17d2f40\" data-element_type=\"widget\" data-widget_type=\"text-editor.default\">\n\t\t\t\t\t\t\t\t\t<p>\u00a9 2025 Giuliano Digital Consulting \u2013 All rights reserved<\/p>\t\t\t\t\t\t\t\t<\/div>\n\t\t\t\t<\/div>\n\t\t\t\t\t<\/div>\n\t\t\t\t<\/div>\n\t\t\t\t<\/div>\n\t\t\t\t<\/div>\n\t\t","protected":false},"excerpt":{"rendered":"<p>Work in Progress \ud83d\udccc Who I Am and Why I Chose This Path My name is Gianluca, I\u2019m 50 years old, and my career has been shaped by dedication, entrepreneurial work, and currently also as an employee.However, my true passion has always been technology\u2014because that&#8217;s where the line is drawn between companies that evolve and [&hellip;]<\/p>\n","protected":false},"author":1,"featured_media":0,"parent":0,"menu_order":0,"comment_status":"closed","ping_status":"closed","template":"elementor_canvas","meta":{"footnotes":""},"class_list":["post-61","page","type-page","status-publish","hentry"],"_links":{"self":[{"href":"https:\/\/giulianodigitalconsulting.com\/index.php?rest_route=\/wp\/v2\/pages\/61","targetHints":{"allow":["GET"]}}],"collection":[{"href":"https:\/\/giulianodigitalconsulting.com\/index.php?rest_route=\/wp\/v2\/pages"}],"about":[{"href":"https:\/\/giulianodigitalconsulting.com\/index.php?rest_route=\/wp\/v2\/types\/page"}],"author":[{"embeddable":true,"href":"https:\/\/giulianodigitalconsulting.com\/index.php?rest_route=\/wp\/v2\/users\/1"}],"replies":[{"embeddable":true,"href":"https:\/\/giulianodigitalconsulting.com\/index.php?rest_route=%2Fwp%2Fv2%2Fcomments&post=61"}],"version-history":[{"count":5,"href":"https:\/\/giulianodigitalconsulting.com\/index.php?rest_route=\/wp\/v2\/pages\/61\/revisions"}],"predecessor-version":[{"id":332,"href":"https:\/\/giulianodigitalconsulting.com\/index.php?rest_route=\/wp\/v2\/pages\/61\/revisions\/332"}],"wp:attachment":[{"href":"https:\/\/giulianodigitalconsulting.com\/index.php?rest_route=%2Fwp%2Fv2%2Fmedia&parent=61"}],"curies":[{"name":"wp","href":"https:\/\/api.w.org\/{rel}","templated":true}]}}